{"id":15986,"date":"2025-01-24T16:54:30","date_gmt":"2025-01-24T12:54:30","guid":{"rendered":"https:\/\/mirizobant.az\/?post_type=product&amp;p=15986"},"modified":"2025-01-24T16:54:30","modified_gmt":"2025-01-24T12:54:30","slug":"ag-r%c9%99ngli-aluminium-folqa-s%c9%99thli-izobant-13sm","status":"publish","type":"product","link":"https:\/\/mirizobant.az\/en\/product\/ag-r%c9%99ngli-aluminium-folqa-s%c9%99thli-izobant-13sm\/","title":{"rendered":"A\u011f r\u0259ngli Al\u00fcminium folqa s\u0259thli izobant (13.3sm)"},"content":{"rendered":"\t\t<div data-elementor-type=\"wp-post\" data-elementor-id=\"15986\" class=\"elementor elementor-15986\">\n\t\t\t\t<div class=\"wd-negative-gap elementor-element elementor-element-53eea44 e-flex e-con-boxed e-con e-parent\" data-id=\"53eea44\" data-element_type=\"container\" data-e-type=\"container\">\n\t\t\t\t\t<div class=\"e-con-inner\">\n\t\t<div class=\"elementor-element elementor-element-2136194 e-con-full e-flex e-con e-child\" data-id=\"2136194\" data-element_type=\"container\" data-e-type=\"container\">\n\t\t\t\t<div class=\"elementor-element elementor-element-e17d3f0 elementor-widget elementor-widget-wd_image_or_svg\" data-id=\"e17d3f0\" data-element_type=\"widget\" data-e-type=\"widget\" data-widget_type=\"wd_image_or_svg.default\">\n\t\t\t\t<div class=\"elementor-widget-container\">\n\t\t\t\t\t\n\t\t<div class=\"wd-image text-left\">\n\t\t\t\t\t\t\t\t<img fetchpriority=\"high\" decoding=\"async\" width=\"700\" height=\"800\" src=\"https:\/\/mirizobant.az\/en\/wp-content\/uploads\/sites\/4\/2025\/01\/falqa-izobant.jpg\" class=\"attachment-full size-full\" alt=\"Jade r\u0259ngli izoband\" srcset=\"https:\/\/mirizobant.az\/en\/wp-content\/uploads\/sites\/4\/2025\/01\/falqa-izobant.jpg 700w, https:\/\/mirizobant.az\/en\/wp-content\/uploads\/sites\/4\/2025\/01\/falqa-izobant-263x300.jpg 263w, https:\/\/mirizobant.az\/en\/wp-content\/uploads\/sites\/4\/2025\/01\/falqa-izobant-430x491.jpg 430w, https:\/\/mirizobant.az\/en\/wp-content\/uploads\/sites\/4\/2025\/01\/falqa-izobant-150x171.jpg 150w\" sizes=\"(max-width: 700px) 100vw, 700px\" \/>\t\t\t\t\t<\/div>\n\n\t\t\t\t\t\t<\/div>\n\t\t\t\t<\/div>\n\t\t\t\t<\/div>\n\t\t<div class=\"elementor-element elementor-element-cc8e042 e-con-full e-flex e-con e-child\" data-id=\"cc8e042\" data-element_type=\"container\" data-e-type=\"container\">\n\t\t\t\t<div class=\"elementor-element elementor-element-4a8a87a elementor-widget elementor-widget-wd_text_block\" data-id=\"4a8a87a\" data-element_type=\"widget\" data-e-type=\"widget\" data-widget_type=\"wd_text_block.default\">\n\t\t\t\t<div class=\"elementor-widget-container\">\n\t\t\t\t\t\t\t<div class=\"wd-text-block reset-last-child text-left\">\n\t\t\t\n\t\t\t<h3>M\u0130R\u0130ZOBANT M\u018fHSULLARININ \u00dcST\u00dcNL\u00dcKL\u018fR\u0130<\/h3><ul class=\"unordered-list\"><li>Uzun\u00f6m\u00fcrl\u00fcl\u00fck<\/li><li>Y\u00fcks\u0259k keyfiyy\u0259t<\/li><li>Rahat t\u0259dbiq<\/li><li>M\u00f6hk\u0259m yap\u0131\u015fqanl\u0131q<\/li><li>UV \u015e\u00fcalara qar\u015f\u0131<\/li><li>H\u0259r f\u0259sil\u0259 uy\u011fun<\/li><li>M\u00fcxt\u0259lif r\u0259ng se\u00e7imi<\/li><li>H\u0259r B\u00fcdc\u0259y\u0259 uy\u011fun<\/li><\/ul><p>Mirizobant m\u0259hsullar\u0131 bol \u00e7e\u015fid v\u0259 h\u0259r b\u00fcdc\u0259y\u0259 uy\u011fun olmaqla y\u00fcks\u0259k keyfiyy\u0259t il\u0259 h\u0259r sah\u0259y\u0259 uy\u011fun izolyasiya \u00fc\u00e7\u00fcn \u0259lveri\u015flidir.<\/p><p>Mirizobant il\u0259 izolyasiya daha rahatd\u0131r.<\/p>\n\t\t\t\t\t<\/div>\n\t\t\t\t\t\t<\/div>\n\t\t\t\t<\/div>\n\t\t\t\t<\/div>\n\t\t\t\t\t<\/div>\n\t\t\t\t<\/div>\n\t\t\t\t<\/div>\n\t\t","protected":false},"excerpt":{"rendered":"<p>Mirizobant il\u0259 \u0130zolyasiya art\u0131q \u00e7ox asand\u0131r&#8230;<br \/>\nMirizobant suya davaml\u0131 x\u00fcsusiyy\u0259ti, estetik g\u00f6r\u00fcn\u00fc\u015f\u00fc v\u0259 \u00f6z\u00fc yap\u0131\u015fma x\u00fcsusiyy\u0259ti il\u0259 bir \u00e7ox detala praktik h\u0259ll\u0259r t\u0259qdim edir.<br \/>\nMirizobant taxta, metal, plastik, \u015f\u00fc\u015f\u0259, suvaq v\u0259 beton kimi bir \u00e7ox s\u0259th\u0259 yap\u0131\u015fma qabiliyy\u0259tin\u0259 malik oldu\u011fundan, divarlarda, parapetl\u0259rd\u0259, baca dibl\u0259rind\u0259, mahiy\u0259, karniz, g\u00f6vd\u0259 divarlar\u0131nda yarana bil\u0259c\u0259k \u00e7atlarda istifad\u0259 edil\u0259 bil\u0259r. dam \u00f6rt\u00fckl\u0259ri, g\u0259mil\u0259rin g\u00f6y\u0259rt\u0259 \u00f6rt\u00fcy\u00fcn\u00fcn izolyasiyas\u0131, n\u0259qliyyatda konteyner g\u00f6vd\u0259l\u0259ri. t\u0259mird\u0259, avtomobil s\u0259nayesind\u0259 v\u0259 s. Bir \u00e7ox detallar da istifad\u0259 edil\u0259 bil\u0259r.<br \/>\nMirizobant h\u0259r k\u0259sin t\u0259mir v\u0259 t\u0259mir m\u0259qs\u0259dl\u0259ri \u00fc\u00e7\u00fcn istifad\u0259 ed\u0259 bil\u0259c\u0259yi praktik su izolyasiya lentidir.<\/p>\n<p>Aliminium folqa s\u0259thi il\u0259 A\u011f r\u0259ngli izobant 13,3sm enind\u0259, 10m uzunlu\u011fundad\u0131r.<\/p>\n","protected":false},"featured_media":15925,"template":"","meta":[],"product_brand":[],"product_cat":[165,129],"product_tag":[],"class_list":{"0":"post-15986","1":"product","2":"type-product","3":"status-publish","4":"has-post-thumbnail","6":"product_cat-aluminium-foil-surface-insulation","7":"product_cat-izoband","9":"first","10":"instock","11":"shipping-taxable","12":"product-type-simple"},"_links":{"self":[{"href":"https:\/\/mirizobant.az\/en\/wp-json\/wp\/v2\/product\/15986","targetHints":{"allow":["GET"]}}],"collection":[{"href":"https:\/\/mirizobant.az\/en\/wp-json\/wp\/v2\/product"}],"about":[{"href":"https:\/\/mirizobant.az\/en\/wp-json\/wp\/v2\/types\/product"}],"version-history":[{"count":0,"href":"https:\/\/mirizobant.az\/en\/wp-json\/wp\/v2\/product\/15986\/revisions"}],"wp:featuredmedia":[{"embeddable":true,"href":"https:\/\/mirizobant.az\/en\/wp-json\/wp\/v2\/media\/15925"}],"wp:attachment":[{"href":"https:\/\/mirizobant.az\/en\/wp-json\/wp\/v2\/media?parent=15986"}],"wp:term":[{"taxonomy":"product_brand","embeddable":true,"href":"https:\/\/mirizobant.az\/en\/wp-json\/wp\/v2\/product_brand?post=15986"},{"taxonomy":"product_cat","embeddable":true,"href":"https:\/\/mirizobant.az\/en\/wp-json\/wp\/v2\/product_cat?post=15986"},{"taxonomy":"product_tag","embeddable":true,"href":"https:\/\/mirizobant.az\/en\/wp-json\/wp\/v2\/product_tag?post=15986"}],"curies":[{"name":"wp","href":"https:\/\/api.w.org\/{rel}","templated":true}]}}