{"id":16120,"date":"2025-01-30T16:44:29","date_gmt":"2025-01-30T12:44:29","guid":{"rendered":"https:\/\/mirizobant.az\/?post_type=product&amp;p=16120"},"modified":"2025-01-30T16:44:29","modified_gmt":"2025-01-30T12:44:29","slug":"qara-rengli-mahiye-bandi-24sm","status":"publish","type":"product","link":"https:\/\/mirizobant.az\/en\/product\/qara-rengli-mahiye-bandi-24sm\/","title":{"rendered":"Qara r\u0259ngli Mahiy\u0259 band\u0131 (24sm)"},"content":{"rendered":"","protected":false},"excerpt":{"rendered":"<p>Mahya havaland\u0131rma band\u0131 damda h\u0259r\u0259k\u0259t ed\u0259n n\u00f6qt\u0259l\u0259rin q\u0131r\u0131lmalar\u0131na t\u0259tbiq olunan su yal\u0131t\u0131m lentidir. \u00dcst \u00e7\u0259kilm\u0259zd\u0259n \u0259vv\u0259l m\u00fc\u0259yy\u0259n \u00f6l\u00e7\u00fcl\u0259r v\u0259 yan aksesuarlarla (purlin da\u015f\u0131yan ayaq, silsil\u0259nin b\u0259rkidici \u00e7\u0259ng\u0259l) t\u0259tbiq olunur. Dam \u00f6rt\u00fcy\u00fc alt\u0131nda ventilyasiya t\u0259min ed\u0259r\u0259k, suyun dam \u00f6rt\u00fcy\u00fc alt\u0131na d\u00fc\u015fm\u0259sinin qar\u015f\u0131s\u0131n\u0131 almaq \u00fc\u00e7\u00fcn istifad\u0259 olunan bir aksesuar n\u00f6v\u00fcd\u00fcr. Mahya bandi k\u0259narlar\u0131 membran s\u0259thli butil \u0259sasl\u0131 yap\u0131\u015fd\u0131r\u0131c\u0131 lent, ortas\u0131 is\u0259 n\u0259f\u0259s ala bil\u0259n su yal\u0131t\u0131m (Membran) \u00f6rt\u00fcy\u00fcd\u00fcr.<\/p>\n","protected":false},"featured_media":16025,"template":"","meta":[],"product_brand":[],"product_cat":[129,131],"product_tag":[],"class_list":{"0":"post-16120","1":"product","2":"type-product","3":"status-publish","4":"has-post-thumbnail","6":"product_cat-izoband","7":"product_cat-mahiya-band","9":"first","10":"instock","11":"shipping-taxable","12":"product-type-simple"},"_links":{"self":[{"href":"https:\/\/mirizobant.az\/en\/wp-json\/wp\/v2\/product\/16120","targetHints":{"allow":["GET"]}}],"collection":[{"href":"https:\/\/mirizobant.az\/en\/wp-json\/wp\/v2\/product"}],"about":[{"href":"https:\/\/mirizobant.az\/en\/wp-json\/wp\/v2\/types\/product"}],"version-history":[{"count":0,"href":"https:\/\/mirizobant.az\/en\/wp-json\/wp\/v2\/product\/16120\/revisions"}],"wp:featuredmedia":[{"embeddable":true,"href":"https:\/\/mirizobant.az\/en\/wp-json\/wp\/v2\/media\/16025"}],"wp:attachment":[{"href":"https:\/\/mirizobant.az\/en\/wp-json\/wp\/v2\/media?parent=16120"}],"wp:term":[{"taxonomy":"product_brand","embeddable":true,"href":"https:\/\/mirizobant.az\/en\/wp-json\/wp\/v2\/product_brand?post=16120"},{"taxonomy":"product_cat","embeddable":true,"href":"https:\/\/mirizobant.az\/en\/wp-json\/wp\/v2\/product_cat?post=16120"},{"taxonomy":"product_tag","embeddable":true,"href":"https:\/\/mirizobant.az\/en\/wp-json\/wp\/v2\/product_tag?post=16120"}],"curies":[{"name":"wp","href":"https:\/\/api.w.org\/{rel}","templated":true}]}}