{"id":16187,"date":"2025-02-01T16:42:38","date_gmt":"2025-02-01T12:42:38","guid":{"rendered":"https:\/\/mirizobant.az\/?post_type=product&amp;p=16187"},"modified":"2025-02-01T16:42:38","modified_gmt":"2025-02-01T12:42:38","slug":"yasil-r%c9%99ngli-membran-s%c9%99thli-izobant-13sm","status":"publish","type":"product","link":"https:\/\/mirizobant.az\/en\/product\/yasil-r%c9%99ngli-membran-s%c9%99thli-izobant-13sm\/","title":{"rendered":"Ya\u015f\u0131l r\u0259ngli Membran s\u0259thli izobant (13.3sm)"},"content":{"rendered":"\t\t<div data-elementor-type=\"wp-post\" data-elementor-id=\"16187\" class=\"elementor elementor-16187\">\n\t\t\t\t<div class=\"wd-negative-gap elementor-element elementor-element-f6ae5c4 wd-section-stretch e-flex e-con-boxed e-con e-parent\" data-id=\"f6ae5c4\" data-element_type=\"container\" data-e-type=\"container\" data-settings=\"{&quot;background_background&quot;:&quot;classic&quot;}\">\n\t\t\t\t\t<div class=\"e-con-inner\">\n\t\t<div class=\"elementor-element elementor-element-e613cf7 e-con-full e-flex e-con e-child\" data-id=\"e613cf7\" data-element_type=\"container\" data-e-type=\"container\">\n\t\t\t\t<div class=\"elementor-element elementor-element-744594c elementor-widget elementor-widget-wd_image_or_svg\" data-id=\"744594c\" data-element_type=\"widget\" data-e-type=\"widget\" data-widget_type=\"wd_image_or_svg.default\">\n\t\t\t\t<div class=\"elementor-widget-container\">\n\t\t\t\t\t\n\t\t<div class=\"wd-image text-left\">\n\t\t\t\t\t\t\t\t<img fetchpriority=\"high\" decoding=\"async\" width=\"2560\" height=\"2560\" src=\"https:\/\/mirizobant.az\/en\/wp-content\/uploads\/sites\/4\/2025\/02\/IMG_5923-scaled-1.jpg\" class=\"attachment-full size-full\" alt=\"Membran s\u0259thli izoband\" srcset=\"https:\/\/mirizobant.az\/en\/wp-content\/uploads\/sites\/4\/2025\/02\/IMG_5923-scaled-1.jpg 2560w, https:\/\/mirizobant.az\/en\/wp-content\/uploads\/sites\/4\/2025\/02\/IMG_5923-scaled-1-300x300.jpg 300w, https:\/\/mirizobant.az\/en\/wp-content\/uploads\/sites\/4\/2025\/02\/IMG_5923-scaled-1-800x800.jpg 800w, https:\/\/mirizobant.az\/en\/wp-content\/uploads\/sites\/4\/2025\/02\/IMG_5923-scaled-1-150x150.jpg 150w, https:\/\/mirizobant.az\/en\/wp-content\/uploads\/sites\/4\/2025\/02\/IMG_5923-scaled-1-768x768.jpg 768w, https:\/\/mirizobant.az\/en\/wp-content\/uploads\/sites\/4\/2025\/02\/IMG_5923-scaled-1-1536x1536.jpg 1536w, https:\/\/mirizobant.az\/en\/wp-content\/uploads\/sites\/4\/2025\/02\/IMG_5923-scaled-1-2048x2048.jpg 2048w, https:\/\/mirizobant.az\/en\/wp-content\/uploads\/sites\/4\/2025\/02\/IMG_5923-scaled-1-430x430.jpg 430w, https:\/\/mirizobant.az\/en\/wp-content\/uploads\/sites\/4\/2025\/02\/IMG_5923-scaled-1-700x700.jpg 700w\" sizes=\"(max-width: 2560px) 100vw, 2560px\" \/>\t\t\t\t\t<\/div>\n\n\t\t\t\t\t\t<\/div>\n\t\t\t\t<\/div>\n\t\t\t\t<\/div>\n\t\t<div class=\"elementor-element elementor-element-2862197 e-con-full e-flex e-con e-child\" data-id=\"2862197\" data-element_type=\"container\" data-e-type=\"container\">\n\t\t\t\t<div class=\"elementor-element elementor-element-a70ccdf wd-width-100 elementor-widget elementor-widget-wd_title\" data-id=\"a70ccdf\" data-element_type=\"widget\" data-e-type=\"widget\" data-widget_type=\"wd_title.default\">\n\t\t\t\t<div class=\"elementor-widget-container\">\n\t\t\t\t\t\t\t<div class=\"title-wrapper wd-set-mb reset-last-child wd-title-color-primary wd-title-style-underlined wd-title-size-default text-left\">\n\n\t\t\t\n\t\t\t<div class=\"liner-continer\">\n\t\t\t\t<h4 class=\"woodmart-title-container title wd-fontsize-l\">MEMBRAN S\u018fTHL\u0130 M\u0130R\u0130ZOBANT<\/h4> \n\t\t\t\t\t\t\t<\/div>\n\n\t\t\t\t\t<\/div>\n\t\t\t\t\t\t<\/div>\n\t\t\t\t<\/div>\n\t\t\t\t<div class=\"elementor-element elementor-element-9d6b682 elementor-widget elementor-widget-wd_text_block\" data-id=\"9d6b682\" data-element_type=\"widget\" data-e-type=\"widget\" data-widget_type=\"wd_text_block.default\">\n\t\t\t\t<div class=\"elementor-widget-container\">\n\t\t\t\t\t\t\t<div class=\"wd-text-block reset-last-child text-left\">\n\t\t\t\n\t\t\t<ul class=\"unordered-list\"><li><strong>Y\u00fcks\u0259k Yap\u0131\u015fma G\u00fcc\u00fc<\/strong> \u2013 M\u00fcxt\u0259lif s\u0259thl\u0259r\u0259 (metal, beton, taxta v\u0259 s.) g\u00fccl\u00fc yap\u0131\u015fma t\u0259min edir.<br \/><br \/><\/li><li><strong>Tam Su Ke\u00e7irm\u0259zlik<\/strong> \u2013 Su, r\u00fctub\u0259t v\u0259 dig\u0259r mayel\u0259r\u0259 qar\u015f\u0131 m\u00fck\u0259mm\u0259l izolyasiya yarad\u0131r.<br \/><br \/><\/li><li><strong>Elastiklik v\u0259 Dart\u0131lma M\u00fcqavim\u0259ti<\/strong> \u2013 Temperatur d\u0259yi\u015fiklikl\u0259rin\u0259 v\u0259 fiziki t\u0259sirl\u0259r\u0259 qar\u015f\u0131 dayan\u0131ql\u0131d\u0131r, \u00e7atlam\u0131r v\u0259 qopmur.<\/li><li><strong>Asan T\u0259tbiq<\/strong> \u2013 \u0130stifad\u0259y\u0259 haz\u0131rd\u0131r, \u0259lav\u0259 qar\u0131\u015f\u0131qlara ehtiyac yoxdur, t\u0259tbiqi rahatd\u0131r.<\/li><\/ul>\n\t\t\t\t\t<\/div>\n\t\t\t\t\t\t<\/div>\n\t\t\t\t<\/div>\n\t\t\t\t<\/div>\n\t\t<div class=\"elementor-element elementor-element-b564b11 e-con-full e-flex e-con e-child\" data-id=\"b564b11\" data-element_type=\"container\" data-e-type=\"container\">\n\t\t\t\t<div class=\"elementor-element elementor-element-d7cfadf elementor-widget elementor-widget-wd_text_block\" data-id=\"d7cfadf\" data-element_type=\"widget\" data-e-type=\"widget\" data-widget_type=\"wd_text_block.default\">\n\t\t\t\t<div class=\"elementor-widget-container\">\n\t\t\t\t\t\t\t<div class=\"wd-text-block reset-last-child text-left\">\n\t\t\t\n\t\t\t<ul class=\"unordered-list\"><li><strong>UV v\u0259 Kimy\u0259vi Madd\u0259l\u0259r\u0259 Dayan\u0131ql\u0131l\u0131q<\/strong> \u2013 G\u00fcn\u0259\u015f \u015f\u00fcalar\u0131 v\u0259 m\u00fcxt\u0259lif kimy\u0259vi madd\u0259l\u0259rin t\u0259sirin\u0259 qar\u015f\u0131 uzunm\u00fcdd\u0259tli qoruma t\u0259min edir.<\/li><li><strong>Ekonomik v\u0259 Uzun\u00f6m\u00fcrl\u00fc<\/strong> \u2013 M\u00fc\u0259yy\u0259n edildiyi sah\u0259d\u0259 uzun m\u00fcdd\u0259t effektivliyini saxlay\u0131r v\u0259 \u0259lav\u0259 t\u0259mir x\u0259rcl\u0259rini azald\u0131r.<\/li><li><strong>Geni\u015f \u0130stifad\u0259 Sah\u0259si<\/strong> \u2013 Dam \u00f6rt\u00fckl\u0259ri, fasadlar, borular, kanalizasiya sisteml\u0259ri v\u0259 dig\u0259r izolyasiya t\u0259l\u0259b ed\u0259n sah\u0259l\u0259rd\u0259 t\u0259tbiq edil\u0259 bil\u0259r.<\/li><\/ul>\n\t\t\t\t\t<\/div>\n\t\t\t\t\t\t<\/div>\n\t\t\t\t<\/div>\n\t\t\t\t<\/div>\n\t\t\t\t\t<\/div>\n\t\t\t\t<\/div>\n\t\t\t\t<\/div>\n\t\t","protected":false},"excerpt":{"rendered":"<p>Mirizobant il\u0259 \u0130zolyasiya art\u0131q \u00e7ox asand\u0131r\u2026<br \/>\nMirizobant suya davaml\u0131 x\u00fcsusiyy\u0259ti, estetik g\u00f6r\u00fcn\u00fc\u015f\u00fc v\u0259 \u00f6z\u00fc yap\u0131\u015fma x\u00fcsusiyy\u0259ti il\u0259 bir \u00e7ox detala praktik h\u0259ll\u0259r t\u0259qdim edir.<br \/>\nMirizobant taxta, metal, plastik, \u015f\u00fc\u015f\u0259, suvaq v\u0259 beton kimi bir \u00e7ox s\u0259th\u0259 yap\u0131\u015fma qabiliyy\u0259tin\u0259 malik oldu\u011fundan, divarlarda, parapetl\u0259rd\u0259, baca dibl\u0259rind\u0259, mahiy\u0259, karniz, g\u00f6vd\u0259 divarlar\u0131nda yarana bil\u0259c\u0259k \u00e7atlarda istifad\u0259 edil\u0259 bil\u0259r. dam \u00f6rt\u00fckl\u0259ri, g\u0259mil\u0259rin g\u00f6y\u0259rt\u0259 \u00f6rt\u00fcy\u00fcn\u00fcn izolyasiyas\u0131, n\u0259qliyyatda konteyner g\u00f6vd\u0259l\u0259ri. t\u0259mird\u0259, avtomobil s\u0259nayesind\u0259 v\u0259 s. Bir \u00e7ox detallar da istifad\u0259 edil\u0259 bil\u0259r.<br \/>\nMirizobant h\u0259r k\u0259sin t\u0259mir v\u0259 t\u0259mir m\u0259qs\u0259dl\u0259ri \u00fc\u00e7\u00fcn istifad\u0259 ed\u0259 bil\u0259c\u0259yi praktik su izolyasiya lentidir.<\/p>\n<p>Membran s\u0259thi il\u0259 ya\u015f\u0131l r\u0259ngli izobant 13,3sm enind\u0259, 10m uzunlu\u011fundad\u0131r.<\/p>\n","protected":false},"featured_media":16155,"template":"","meta":[],"product_brand":[],"product_cat":[129,133],"product_tag":[],"class_list":{"0":"post-16187","1":"product","2":"type-product","3":"status-publish","4":"has-post-thumbnail","6":"product_cat-izoband","7":"product_cat-membrane-surface-insulation","9":"first","10":"instock","11":"shipping-taxable","12":"product-type-simple"},"_links":{"self":[{"href":"https:\/\/mirizobant.az\/en\/wp-json\/wp\/v2\/product\/16187","targetHints":{"allow":["GET"]}}],"collection":[{"href":"https:\/\/mirizobant.az\/en\/wp-json\/wp\/v2\/product"}],"about":[{"href":"https:\/\/mirizobant.az\/en\/wp-json\/wp\/v2\/types\/product"}],"version-history":[{"count":0,"href":"https:\/\/mirizobant.az\/en\/wp-json\/wp\/v2\/product\/16187\/revisions"}],"wp:featuredmedia":[{"embeddable":true,"href":"https:\/\/mirizobant.az\/en\/wp-json\/wp\/v2\/media\/16155"}],"wp:attachment":[{"href":"https:\/\/mirizobant.az\/en\/wp-json\/wp\/v2\/media?parent=16187"}],"wp:term":[{"taxonomy":"product_brand","embeddable":true,"href":"https:\/\/mirizobant.az\/en\/wp-json\/wp\/v2\/product_brand?post=16187"},{"taxonomy":"product_cat","embeddable":true,"href":"https:\/\/mirizobant.az\/en\/wp-json\/wp\/v2\/product_cat?post=16187"},{"taxonomy":"product_tag","embeddable":true,"href":"https:\/\/mirizobant.az\/en\/wp-json\/wp\/v2\/product_tag?post=16187"}],"curies":[{"name":"wp","href":"https:\/\/api.w.org\/{rel}","templated":true}]}}