{"id":16266,"date":"2025-02-03T15:24:56","date_gmt":"2025-02-03T11:24:56","guid":{"rendered":"https:\/\/mirizobant.az\/?post_type=product&amp;p=16266"},"modified":"2025-02-03T15:24:56","modified_gmt":"2025-02-03T11:24:56","slug":"mirmembran-goy-r%c9%99ngli-n%c9%99m-v%c9%99-buxar-izolyasiyasi-80-sixliq","status":"publish","type":"product","link":"https:\/\/mirizobant.az\/en\/product\/mirmembran-goy-r%c9%99ngli-n%c9%99m-v%c9%99-buxar-izolyasiyasi-80-sixliq\/","title":{"rendered":"mirMembran G\u00f6y r\u0259ngli n\u0259m v\u0259 buxar izolyasiyas\u0131 80 s\u0131xl\u0131q"},"content":{"rendered":"\t\t<div data-elementor-type=\"wp-post\" data-elementor-id=\"16266\" class=\"elementor elementor-16266\">\n\t\t\t\t<div class=\"wd-negative-gap elementor-element elementor-element-3171f4f e-flex e-con-boxed e-con e-parent\" data-id=\"3171f4f\" data-element_type=\"container\" data-e-type=\"container\">\n\t\t\t\t\t<div class=\"e-con-inner\">\n\t\t<div class=\"elementor-element elementor-element-03880f6 e-con-full e-flex e-con e-child\" data-id=\"03880f6\" data-element_type=\"container\" data-e-type=\"container\">\n\t\t\t\t<div class=\"elementor-element elementor-element-649444a elementor-widget elementor-widget-wd_text_block\" data-id=\"649444a\" data-element_type=\"widget\" data-e-type=\"widget\" data-widget_type=\"wd_text_block.default\">\n\t\t\t\t<div class=\"elementor-widget-container\">\n\t\t\t\t\t\t\t<div class=\"wd-text-block reset-last-child text-left\">\n\t\t\t\n\t\t\t<blockquote><p><strong>80 g\/kv.m<\/strong> s\u0131xl\u0131qda Su, buxar ke\u00e7irm\u0259zlik x\u00fcsusiyy\u0259tl\u0259ri il\u0259 Uzun \u00f6m\u00fcrl\u00fcl\u00fck v\u0259 m\u00f6hk\u0259m d\u00f6z\u00fcml\u00fcl\u00fck keyfiiy\u0259tl\u0259rini \u00f6z\u00fcnd\u0259 birl\u0259\u015fdir\u0259n mirMembran n\u0259m v\u0259 buxar izolyasiyas\u0131<\/p><\/blockquote><p>\u2714 Su v\u0259 buxar ke\u00e7irm\u0259zlik \u2013 Qurulu\u015fu say\u0259sind\u0259 n\u0259m v\u0259 buxar\u0131n materiallara daxil olmas\u0131n\u0131n qar\u015f\u0131s\u0131n\u0131 al\u0131r.<br \/>\u2714 Uzun \u00f6m\u00fcrl\u00fcl\u00fck \u2013 Y\u00fcks\u0259k dayan\u0131ql\u0131l\u0131\u011f\u0131 say\u0259sind\u0259 uzun m\u00fcdd\u0259t keyfiyy\u0259tini qoruyur.<br \/>\u2714 M\u00f6hk\u0259m v\u0259 elastik qurulu\u015f \u2013 Xarici t\u0259sirl\u0259r\u0259 qar\u015f\u0131 d\u00f6z\u00fcml\u00fc olub, deformasiya olmadan i\u015fl\u0259yir.<br \/>\u2714 Tikinti v\u0259 izolyasiya sah\u0259sind\u0259 effektiv h\u0259ll \u2013 Dam, divar v\u0259 d\u00f6\u015f\u0259m\u0259 izolyasiyas\u0131nda etibarl\u0131 qoruma t\u0259min edir.<\/p><p>mirMembran, in\u015faatda dayan\u0131ql\u0131l\u0131q v\u0259 keyfiyy\u0259ti \u00f6n planda saxlayan m\u00fcasir izolyasiya h\u0259llidir. Sizin layih\u0259niz \u00fc\u00e7\u00fcn ideal se\u00e7imdir!<\/p>\n\t\t\t\t\t<\/div>\n\t\t\t\t\t\t<\/div>\n\t\t\t\t<\/div>\n\t\t\t\t<\/div>\n\t\t<div class=\"elementor-element elementor-element-a58d158 e-con-full e-flex e-con e-child\" data-id=\"a58d158\" data-element_type=\"container\" data-e-type=\"container\">\n\t\t\t\t<div class=\"elementor-element elementor-element-127b3ba elementor-widget elementor-widget-wd_infobox\" data-id=\"127b3ba\" data-element_type=\"widget\" data-e-type=\"widget\" data-widget_type=\"wd_infobox.default\">\n\t\t\t\t<div class=\"elementor-widget-container\">\n\t\t\t\t\t\t\t<div class=\"info-box-wrapper\">\n\t\t\t<div class=\"wd-info-box text-center box-icon-align-top box-style-base color-scheme-\">\n\t\t\t\t\t\t\t\t\t<div class=\"box-icon-wrapper  box-with-icon box-icon-simple\">\n\t\t\t\t\t\t<div class=\"info-box-icon\">\n\t\t\t\t\t\t\t\t\t\t\t\t\t\t\t<img decoding=\"async\" width=\"154\" height=\"89\" src=\"https:\/\/mirizobant.az\/en\/wp-content\/uploads\/sites\/4\/2025\/02\/mirizobant-su-kecirmezlik-04-154x89.png\" class=\"attachment-154x89 size-154x89\" alt=\"mirizobant-su-kecirmezlik-04\" srcset=\"https:\/\/mirizobant.az\/en\/wp-content\/uploads\/sites\/4\/2025\/02\/mirizobant-su-kecirmezlik-04-154x89.png 154w, https:\/\/mirizobant.az\/en\/wp-content\/uploads\/sites\/4\/2025\/02\/mirizobant-su-kecirmezlik-04-400x233.png 400w, https:\/\/mirizobant.az\/en\/wp-content\/uploads\/sites\/4\/2025\/02\/mirizobant-su-kecirmezlik-04-1300x757.png 1300w, https:\/\/mirizobant.az\/en\/wp-content\/uploads\/sites\/4\/2025\/02\/mirizobant-su-kecirmezlik-04-768x447.png 768w, https:\/\/mirizobant.az\/en\/wp-content\/uploads\/sites\/4\/2025\/02\/mirizobant-su-kecirmezlik-04-1536x895.png 1536w, https:\/\/mirizobant.az\/en\/wp-content\/uploads\/sites\/4\/2025\/02\/mirizobant-su-kecirmezlik-04-430x250.png 430w, https:\/\/mirizobant.az\/en\/wp-content\/uploads\/sites\/4\/2025\/02\/mirizobant-su-kecirmezlik-04-700x408.png 700w, https:\/\/mirizobant.az\/en\/wp-content\/uploads\/sites\/4\/2025\/02\/mirizobant-su-kecirmezlik-04-150x87.png 150w, https:\/\/mirizobant.az\/en\/wp-content\/uploads\/sites\/4\/2025\/02\/mirizobant-su-kecirmezlik-04.png 1758w\" sizes=\"(max-width: 154px) 100vw, 154px\" \/>\t\t\t\t\t\t\t\t\t\t\t\t\t<\/div>\n\t\t\t\t\t<\/div>\n\t\t\t\t\n\t\t\t\t<div class=\"info-box-content\">\n\t\t\t\t\t\n\t\t\t\t\t\t\t\t\t\t\t<h4\t\t\t\t\t\tclass=\"info-box-title title box-title-style-default wd-fontsize-s\" data-elementor-setting-key=\"title\">\n\t\t\t\t\t\t\t\tSU KE\u00c7\u0130RM\u018fZL\u0130K\t\t\t\t\t\t<\/h4>\n\t\t\t\t\t\n\t\t\t\t\t<div class=\"info-box-inner reset-last-child\"data-elementor-setting-key=\"content\"><p style=\"text-align: center;\">W1<\/p>\n<\/div>\n\n\t\t\t\t\t\t\t\t\t<\/div>\n\n\t\t\t\t\t\t\t\t\t<a href=\"#\" class=\"wd-info-box-link wd-fill\" aria-label=\"Infobox link\"><\/a>\n\t\t\t\t\t\t\t<\/div>\n\t\t<\/div>\n\t\t\t\t\t\t<\/div>\n\t\t\t\t<\/div>\n\t\t\t\t<div class=\"elementor-element elementor-element-9639824 elementor-widget elementor-widget-wd_infobox\" data-id=\"9639824\" data-element_type=\"widget\" data-e-type=\"widget\" data-widget_type=\"wd_infobox.default\">\n\t\t\t\t<div class=\"elementor-widget-container\">\n\t\t\t\t\t\t\t<div class=\"info-box-wrapper\">\n\t\t\t<div class=\"wd-info-box text-center box-icon-align-top box-style-base color-scheme-\">\n\t\t\t\t\t\t\t\t\t<div class=\"box-icon-wrapper  box-with-icon box-icon-simple\">\n\t\t\t\t\t\t<div class=\"info-box-icon\">\n\t\t\t\t\t\t\t\t\t\t\t\t\t\t\t<img decoding=\"async\" width=\"154\" height=\"89\" src=\"https:\/\/mirizobant.az\/en\/wp-content\/uploads\/sites\/4\/2025\/02\/mirmembran-sixliq-04-154x89.png\" class=\"attachment-154x89 size-154x89\" alt=\"Mirmembran s\u0131xl\u0131q\" srcset=\"https:\/\/mirizobant.az\/en\/wp-content\/uploads\/sites\/4\/2025\/02\/mirmembran-sixliq-04-154x89.png 154w, https:\/\/mirizobant.az\/en\/wp-content\/uploads\/sites\/4\/2025\/02\/mirmembran-sixliq-04-400x233.png 400w, https:\/\/mirizobant.az\/en\/wp-content\/uploads\/sites\/4\/2025\/02\/mirmembran-sixliq-04-1300x757.png 1300w, https:\/\/mirizobant.az\/en\/wp-content\/uploads\/sites\/4\/2025\/02\/mirmembran-sixliq-04-768x447.png 768w, https:\/\/mirizobant.az\/en\/wp-content\/uploads\/sites\/4\/2025\/02\/mirmembran-sixliq-04-1536x895.png 1536w, https:\/\/mirizobant.az\/en\/wp-content\/uploads\/sites\/4\/2025\/02\/mirmembran-sixliq-04-430x250.png 430w, https:\/\/mirizobant.az\/en\/wp-content\/uploads\/sites\/4\/2025\/02\/mirmembran-sixliq-04-700x408.png 700w, https:\/\/mirizobant.az\/en\/wp-content\/uploads\/sites\/4\/2025\/02\/mirmembran-sixliq-04-150x87.png 150w, https:\/\/mirizobant.az\/en\/wp-content\/uploads\/sites\/4\/2025\/02\/mirmembran-sixliq-04.png 1758w\" sizes=\"(max-width: 154px) 100vw, 154px\" \/>\t\t\t\t\t\t\t\t\t\t\t\t\t<\/div>\n\t\t\t\t\t<\/div>\n\t\t\t\t\n\t\t\t\t<div class=\"info-box-content\">\n\t\t\t\t\t\n\t\t\t\t\t\t\t\t\t\t\t<h4\t\t\t\t\t\tclass=\"info-box-title title box-title-style-default wd-fontsize-s\" data-elementor-setting-key=\"title\">\n\t\t\t\t\t\t\t\tS\u018fTH K\u00dcTL\u018fS\u0130N\u0130N SIXLI\u011eI\t\t\t\t\t\t<\/h4>\n\t\t\t\t\t\n\t\t\t\t\t<div class=\"info-box-inner reset-last-child\"data-elementor-setting-key=\"content\"><p style=\"text-align: center;\">80 (\u00b15) g\/m2<\/p>\n<\/div>\n\n\t\t\t\t\t\t\t\t\t<\/div>\n\n\t\t\t\t\t\t\t\t\t<a href=\"#\" class=\"wd-info-box-link wd-fill\" aria-label=\"Infobox link\"><\/a>\n\t\t\t\t\t\t\t<\/div>\n\t\t<\/div>\n\t\t\t\t\t\t<\/div>\n\t\t\t\t<\/div>\n\t\t\t\t<\/div>\n\t\t<div class=\"elementor-element elementor-element-bf2fce7 e-con-full e-flex e-con e-child\" data-id=\"bf2fce7\" data-element_type=\"container\" data-e-type=\"container\">\n\t\t\t\t<div class=\"elementor-element elementor-element-b6ba873 elementor-widget elementor-widget-wd_infobox\" data-id=\"b6ba873\" data-element_type=\"widget\" data-e-type=\"widget\" data-widget_type=\"wd_infobox.default\">\n\t\t\t\t<div class=\"elementor-widget-container\">\n\t\t\t\t\t\t\t<div class=\"info-box-wrapper\">\n\t\t\t<div class=\"wd-info-box text-center box-icon-align-top box-style-base color-scheme-\">\n\t\t\t\t\t\t\t\t\t<div class=\"box-icon-wrapper  box-with-icon box-icon-simple\">\n\t\t\t\t\t\t<div class=\"info-box-icon\">\n\t\t\t\t\t\t\t\t\t\t\t\t\t\t\t<img decoding=\"async\" width=\"154\" height=\"89\" src=\"https:\/\/mirizobant.az\/en\/wp-content\/uploads\/sites\/4\/2025\/02\/mirmembran-buxarkecirmezlik-04-154x89.png\" class=\"attachment-154x89 size-154x89\" alt=\"Mirmembran Buxar ke\u00e7irm\u0259zlik\" srcset=\"https:\/\/mirizobant.az\/en\/wp-content\/uploads\/sites\/4\/2025\/02\/mirmembran-buxarkecirmezlik-04-154x89.png 154w, https:\/\/mirizobant.az\/en\/wp-content\/uploads\/sites\/4\/2025\/02\/mirmembran-buxarkecirmezlik-04-400x233.png 400w, https:\/\/mirizobant.az\/en\/wp-content\/uploads\/sites\/4\/2025\/02\/mirmembran-buxarkecirmezlik-04-1300x757.png 1300w, https:\/\/mirizobant.az\/en\/wp-content\/uploads\/sites\/4\/2025\/02\/mirmembran-buxarkecirmezlik-04-768x447.png 768w, https:\/\/mirizobant.az\/en\/wp-content\/uploads\/sites\/4\/2025\/02\/mirmembran-buxarkecirmezlik-04-1536x895.png 1536w, https:\/\/mirizobant.az\/en\/wp-content\/uploads\/sites\/4\/2025\/02\/mirmembran-buxarkecirmezlik-04-430x250.png 430w, https:\/\/mirizobant.az\/en\/wp-content\/uploads\/sites\/4\/2025\/02\/mirmembran-buxarkecirmezlik-04-700x408.png 700w, https:\/\/mirizobant.az\/en\/wp-content\/uploads\/sites\/4\/2025\/02\/mirmembran-buxarkecirmezlik-04-150x87.png 150w, https:\/\/mirizobant.az\/en\/wp-content\/uploads\/sites\/4\/2025\/02\/mirmembran-buxarkecirmezlik-04.png 1758w\" sizes=\"(max-width: 154px) 100vw, 154px\" \/>\t\t\t\t\t\t\t\t\t\t\t\t\t<\/div>\n\t\t\t\t\t<\/div>\n\t\t\t\t\n\t\t\t\t<div class=\"info-box-content\">\n\t\t\t\t\t\n\t\t\t\t\t\t\t\t\t\t\t<h4\t\t\t\t\t\tclass=\"info-box-title title box-title-style-default wd-fontsize-s\" data-elementor-setting-key=\"title\">\n\t\t\t\t\t\t\t\tBUXAR KE\u00c7\u0130R\u0130C\u0130L\u0130K\t\t\t\t\t\t<\/h4>\n\t\t\t\t\t\n\t\t\t\t\t<div class=\"info-box-inner reset-last-child\"data-elementor-setting-key=\"content\"><p style=\"text-align: center;\">SD 0,02 (-0,01\/+0,03)<\/p>\n<\/div>\n\n\t\t\t\t\t\t\t\t\t<\/div>\n\n\t\t\t\t\t\t\t\t\t<a href=\"#\" class=\"wd-info-box-link wd-fill\" aria-label=\"Infobox link\"><\/a>\n\t\t\t\t\t\t\t<\/div>\n\t\t<\/div>\n\t\t\t\t\t\t<\/div>\n\t\t\t\t<\/div>\n\t\t\t\t<div class=\"elementor-element elementor-element-60959cd elementor-widget elementor-widget-wd_infobox\" data-id=\"60959cd\" data-element_type=\"widget\" data-e-type=\"widget\" data-widget_type=\"wd_infobox.default\">\n\t\t\t\t<div class=\"elementor-widget-container\">\n\t\t\t\t\t\t\t<div class=\"info-box-wrapper\">\n\t\t\t<div class=\"wd-info-box text-center box-icon-align-top box-style-base color-scheme-\">\n\t\t\t\t\t\t\t\t\t<div class=\"box-icon-wrapper  box-with-icon box-icon-simple\">\n\t\t\t\t\t\t<div class=\"info-box-icon\">\n\t\t\t\t\t\t\t\t\t\t\t\t\t\t\t<img loading=\"lazy\" decoding=\"async\" width=\"154\" height=\"89\" src=\"https:\/\/mirizobant.az\/en\/wp-content\/uploads\/sites\/4\/2025\/02\/mirmembran-hecmi-olcusu-04-154x89.png\" class=\"attachment-154x89 size-154x89\" alt=\"Mirmembran H\u0259cmi - \u00d6l\u00e7\u00fcs\u00fc\" srcset=\"https:\/\/mirizobant.az\/en\/wp-content\/uploads\/sites\/4\/2025\/02\/mirmembran-hecmi-olcusu-04-154x89.png 154w, https:\/\/mirizobant.az\/en\/wp-content\/uploads\/sites\/4\/2025\/02\/mirmembran-hecmi-olcusu-04-400x233.png 400w, https:\/\/mirizobant.az\/en\/wp-content\/uploads\/sites\/4\/2025\/02\/mirmembran-hecmi-olcusu-04-1300x757.png 1300w, https:\/\/mirizobant.az\/en\/wp-content\/uploads\/sites\/4\/2025\/02\/mirmembran-hecmi-olcusu-04-768x447.png 768w, https:\/\/mirizobant.az\/en\/wp-content\/uploads\/sites\/4\/2025\/02\/mirmembran-hecmi-olcusu-04-1536x895.png 1536w, https:\/\/mirizobant.az\/en\/wp-content\/uploads\/sites\/4\/2025\/02\/mirmembran-hecmi-olcusu-04-430x250.png 430w, https:\/\/mirizobant.az\/en\/wp-content\/uploads\/sites\/4\/2025\/02\/mirmembran-hecmi-olcusu-04-700x408.png 700w, https:\/\/mirizobant.az\/en\/wp-content\/uploads\/sites\/4\/2025\/02\/mirmembran-hecmi-olcusu-04-150x87.png 150w, https:\/\/mirizobant.az\/en\/wp-content\/uploads\/sites\/4\/2025\/02\/mirmembran-hecmi-olcusu-04.png 1758w\" sizes=\"(max-width: 154px) 100vw, 154px\" \/>\t\t\t\t\t\t\t\t\t\t\t\t\t<\/div>\n\t\t\t\t\t<\/div>\n\t\t\t\t\n\t\t\t\t<div class=\"info-box-content\">\n\t\t\t\t\t\n\t\t\t\t\t\t\t\t\t\t\t<h4\t\t\t\t\t\tclass=\"info-box-title title box-title-style-default wd-fontsize-s\" data-elementor-setting-key=\"title\">\n\t\t\t\t\t\t\t\tRULON \u00d6L\u00c7\u00dcS\u00dc\t\t\t\t\t\t<\/h4>\n\t\t\t\t\t\n\t\t\t\t\t<div class=\"info-box-inner reset-last-child\"data-elementor-setting-key=\"content\"><p style=\"text-align: center;\">48 m \u00a0x 1,25 m<\/p>\n<\/div>\n\n\t\t\t\t\t\t\t\t\t<\/div>\n\n\t\t\t\t\t\t\t\t\t<a href=\"#\" class=\"wd-info-box-link wd-fill\" aria-label=\"Infobox link\"><\/a>\n\t\t\t\t\t\t\t<\/div>\n\t\t<\/div>\n\t\t\t\t\t\t<\/div>\n\t\t\t\t<\/div>\n\t\t\t\t<\/div>\n\t\t\t\t\t<\/div>\n\t\t\t\t<\/div>\n\t\t\t\t<\/div>\n\t\t","protected":false},"excerpt":{"rendered":"<p><strong>80 g\/kv.m<\/strong>\u00a0s\u0131xl\u0131qda Su, buxar ke\u00e7irm\u0259zlik x\u00fcsusiyy\u0259tl\u0259ri il\u0259 Uzun \u00f6m\u00fcrl\u00fcl\u00fck v\u0259 m\u00f6hk\u0259m d\u00f6z\u00fcml\u00fcl\u00fck keyfiiy\u0259tl\u0259rini \u00f6z\u00fcnd\u0259 birl\u0259\u015fdir\u0259n mirMembran n\u0259m v\u0259 buxar izolyasiyas\u0131<\/p>\n","protected":false},"featured_media":16233,"template":"","meta":[],"product_brand":[],"product_cat":[164,137],"product_tag":[],"class_list":{"0":"post-16266","1":"product","2":"type-product","3":"status-publish","4":"has-post-thumbnail","6":"product_cat-80-density","7":"product_cat-moisture-and-vapor-insulation","9":"first","10":"instock","11":"shipping-taxable","12":"product-type-simple"},"_links":{"self":[{"href":"https:\/\/mirizobant.az\/en\/wp-json\/wp\/v2\/product\/16266","targetHints":{"allow":["GET"]}}],"collection":[{"href":"https:\/\/mirizobant.az\/en\/wp-json\/wp\/v2\/product"}],"about":[{"href":"https:\/\/mirizobant.az\/en\/wp-json\/wp\/v2\/types\/product"}],"version-history":[{"count":0,"href":"https:\/\/mirizobant.az\/en\/wp-json\/wp\/v2\/product\/16266\/revisions"}],"wp:featuredmedia":[{"embeddable":true,"href":"https:\/\/mirizobant.az\/en\/wp-json\/wp\/v2\/media\/16233"}],"wp:attachment":[{"href":"https:\/\/mirizobant.az\/en\/wp-json\/wp\/v2\/media?parent=16266"}],"wp:term":[{"taxonomy":"product_brand","embeddable":true,"href":"https:\/\/mirizobant.az\/en\/wp-json\/wp\/v2\/product_brand?post=16266"},{"taxonomy":"product_cat","embeddable":true,"href":"https:\/\/mirizobant.az\/en\/wp-json\/wp\/v2\/product_cat?post=16266"},{"taxonomy":"product_tag","embeddable":true,"href":"https:\/\/mirizobant.az\/en\/wp-json\/wp\/v2\/product_tag?post=16266"}],"curies":[{"name":"wp","href":"https:\/\/api.w.org\/{rel}","templated":true}]}}