{"id":4400,"date":"2021-10-12T15:51:09","date_gmt":"2021-10-12T15:51:09","guid":{"rendered":"http:\/\/dummy.xtemos.com\/woodmart2\/elementor\/?page_id=4400"},"modified":"2021-10-12T15:51:09","modified_gmt":"2021-10-12T15:51:09","slug":"haqqimizda","status":"publish","type":"page","link":"https:\/\/mirizobant.az\/ru\/haqqimizda\/","title":{"rendered":"Haqq\u0131m\u0131zda"},"content":{"rendered":"\t\t<div data-elementor-type=\"wp-page\" data-elementor-id=\"4400\" class=\"elementor elementor-4400\">\n\t\t\t\t<div class=\"wd-negative-gap elementor-element elementor-element-7c7c544 e-flex e-con-boxed e-con e-parent\" data-id=\"7c7c544\" data-element_type=\"container\" data-e-type=\"container\">\n\t\t\t\t\t<div class=\"e-con-inner\">\n\t\t<div class=\"elementor-element elementor-element-e7cb5cd e-con-full e-flex e-con e-child\" data-id=\"e7cb5cd\" data-element_type=\"container\" data-e-type=\"container\">\n\t\t\t\t<div class=\"elementor-element elementor-element-56aec39 elementor-widget elementor-widget-wd_image_or_svg\" data-id=\"56aec39\" data-element_type=\"widget\" data-e-type=\"widget\" data-widget_type=\"wd_image_or_svg.default\">\n\t\t\t\t<div class=\"elementor-widget-container\">\n\t\t\t\t\t\n\t\t<div class=\"wd-image text-left\">\n\t\t\t\t\t\t\t\t<img fetchpriority=\"high\" decoding=\"async\" width=\"2417\" height=\"2418\" src=\"https:\/\/mirizobant.az\/ru\/wp-content\/uploads\/sites\/5\/2025\/01\/haqqimizda-izobant.png\" class=\"attachment-full size-full\" alt=\"Mirizobant haqq\u0131nda\" srcset=\"https:\/\/mirizobant.az\/ru\/wp-content\/uploads\/sites\/5\/2025\/01\/haqqimizda-izobant.png 2417w, https:\/\/mirizobant.az\/ru\/wp-content\/uploads\/sites\/5\/2025\/01\/haqqimizda-izobant-300x300.png 300w, https:\/\/mirizobant.az\/ru\/wp-content\/uploads\/sites\/5\/2025\/01\/haqqimizda-izobant-1024x1024.png 1024w, https:\/\/mirizobant.az\/ru\/wp-content\/uploads\/sites\/5\/2025\/01\/haqqimizda-izobant-150x150.png 150w, https:\/\/mirizobant.az\/ru\/wp-content\/uploads\/sites\/5\/2025\/01\/haqqimizda-izobant-768x768.png 768w, https:\/\/mirizobant.az\/ru\/wp-content\/uploads\/sites\/5\/2025\/01\/haqqimizda-izobant-1536x1536.png 1536w, https:\/\/mirizobant.az\/ru\/wp-content\/uploads\/sites\/5\/2025\/01\/haqqimizda-izobant-2048x2048.png 2048w, https:\/\/mirizobant.az\/ru\/wp-content\/uploads\/sites\/5\/2025\/01\/haqqimizda-izobant-600x600.png 600w, https:\/\/mirizobant.az\/ru\/wp-content\/uploads\/sites\/5\/2025\/01\/haqqimizda-izobant-100x100.png 100w\" sizes=\"(max-width: 2417px) 100vw, 2417px\" \/>\t\t\t\t\t<\/div>\n\n\t\t\t\t\t\t<\/div>\n\t\t\t\t<\/div>\n\t\t\t\t<\/div>\n\t\t<div class=\"elementor-element elementor-element-97d6084 e-con-full e-flex e-con e-child\" data-id=\"97d6084\" data-element_type=\"container\" data-e-type=\"container\">\n\t\t\t\t<div class=\"elementor-element elementor-element-98d830b wd-width-100 elementor-widget elementor-widget-wd_title\" data-id=\"98d830b\" data-element_type=\"widget\" data-e-type=\"widget\" data-widget_type=\"wd_title.default\">\n\t\t\t\t<div class=\"elementor-widget-container\">\n\t\t\t\t\t\t\t<div class=\"title-wrapper wd-set-mb reset-last-child wd-title-color-primary wd-title-style-default wd-title-size-large text-left\">\n\n\t\t\t\n\t\t\t<div class=\"liner-continer\">\n\t\t\t\t<h4 class=\"woodmart-title-container title wd-fontsize-xxl\">M\u0130R\u0130ZOBANT<\/h4> \n\t\t\t\t\t\t\t<\/div>\n\n\t\t\t\t\t\t\t<div class=\"title-after_title reset-last-child wd-fontsize-s\">\n\t\t\t\t\t<p><em>\u00c7ox m\u0259qs\u0259dli, \u00f6z\u00fc yap\u0131\u015fqanl\u0131 izolyasiya lenti<\/em><\/p>\t\t\t\t<\/div>\n\t\t\t\t\t<\/div>\n\t\t\t\t\t\t<\/div>\n\t\t\t\t<\/div>\n\t\t\t\t<div class=\"elementor-element elementor-element-66e47ad elementor-widget elementor-widget-wd_text_block\" data-id=\"66e47ad\" data-element_type=\"widget\" data-e-type=\"widget\" data-widget_type=\"wd_text_block.default\">\n\t\t\t\t<div class=\"elementor-widget-container\">\n\t\t\t\t\t\t\t<div class=\"wd-text-block reset-last-child text-left\">\n\t\t\t\n\t\t\t<p><strong>Mirizobant<\/strong> izolyasiya m\u0259hsulu \u0259sas\u0259n bitum \u0259sasl\u0131 olub, bir t\u0259r\u0259fi Saf Aliminium, R\u0259ngli Aliminium folqal\u0131 v\u0259 ya R\u0259ngli Membran \u00a0\u00f6rt\u00fckl\u00fc, dig\u0259r t\u0259r\u0259fi is\u0259 \u00e7\u0131xar\u0131la bil\u0259n plyonkal\u0131, su v\u0259 s\u0259s izolyasiya ed\u0259n lentdir. <strong>Mirizobant<\/strong> m\u0259hsullar\u0131 t\u0259bii al\u00fcminium folqa v\u0259 ya t\u0259bii membran \u00f6rt\u00fcy\u00fc say\u0259sind\u0259 g\u00fcn\u0259\u015f i\u015f\u0131\u011f\u0131ndan m\u0259nfi t\u0259sirl\u0259nmir. Elastikliyi say\u0259sind\u0259 meylli v\u0259 \u0259yri s\u0259thl\u0259r\u0259 asanl\u0131qla t\u0259tbiq oluna bil\u0259r. Mirizobant m\u0259hsullar\u0131 suya davaml\u0131 x\u00fcsusiyy\u0259ti v\u0259 \u00f6z\u00fcn\u0259 yap\u0131\u015fma x\u00fcsusiyy\u0259ti il\u0259 bir \u00e7ox detala praktik h\u0259ll\u0259r t\u0259qdim edir. <strong>Mirizobant<\/strong> m\u0259hsullar\u0131 ist\u0259diyiniz en v\u0259 uzunluqla sifari\u015f etm\u0259kl\u0259 yana\u015f\u0131 h\u0259m\u00e7inin standart 13-15 sm enind\u0259 v\u0259 10 m uzunluqda rulonlarda istehsal olunur.<\/p><p><strong>Mirizobant<\/strong> suya davaml\u0131 x\u00fcsusiyy\u0259ti, estetik g\u00f6r\u00fcn\u00fc\u015f\u00fc v\u0259 \u00f6z\u00fc yap\u0131\u015fma x\u00fcsusiyy\u0259ti il\u0259 bir \u00e7ox detala praktik h\u0259ll\u0259r t\u0259qdim edir.<br \/><strong>Mirizobant<\/strong> taxta, metal, plastik, \u015f\u00fc\u015f\u0259, suvaq v\u0259 beton kimi bir \u00e7ox s\u0259th\u0259 yap\u0131\u015fma qabiliyy\u0259tin\u0259 malik oldu\u011fundan, divarlarda, parapetl\u0259rd\u0259, baca dibl\u0259rind\u0259, mahiy\u0259, karniz, g\u00f6vd\u0259 divarlar\u0131nda yarana bil\u0259c\u0259k \u00e7atlarda istifad\u0259 edil\u0259 bil\u0259r. dam \u00f6rt\u00fckl\u0259ri, g\u0259mil\u0259rin g\u00f6y\u0259rt\u0259 \u00f6rt\u00fcy\u00fcn\u00fcn izolyasiyas\u0131, n\u0259qliyyatda konteyner g\u00f6vd\u0259l\u0259ri. t\u0259mird\u0259, avtomobil s\u0259nayesind\u0259 v\u0259 s. Bir \u00e7ox detallar da istifad\u0259 edil\u0259 bil\u0259r.<br \/><strong>Mirizobant<\/strong> h\u0259r k\u0259sin t\u0259mir v\u0259 t\u0259mir m\u0259qs\u0259dl\u0259ri \u00fc\u00e7\u00fcn istifad\u0259 ed\u0259 bil\u0259c\u0259yi praktik su izolyasiya lentidir.<\/p>\n\t\t\t\t\t<\/div>\n\t\t\t\t\t\t<\/div>\n\t\t\t\t<\/div>\n\t\t<div class=\"elementor-element elementor-element-3eef7d8 e-con-full e-flex e-con e-child\" data-id=\"3eef7d8\" data-element_type=\"container\" data-e-type=\"container\">\n\t\t\t\t<div class=\"elementor-element elementor-element-cee0b0c elementor-widget__width-auto elementor-widget elementor-widget-wd_text_block\" data-id=\"cee0b0c\" data-element_type=\"widget\" data-e-type=\"widget\" data-widget_type=\"wd_text_block.default\">\n\t\t\t\t<div class=\"elementor-widget-container\">\n\t\t\t\t\t\t\t<div class=\"wd-text-block reset-last-child text-left\">\n\t\t\t\n\t\t\t<p><strong>Mirizobant<\/strong> il\u0259 \u0130zolyasiya \u00a0art\u0131q \u00e7ox asand\u0131r...<\/p>\n\t\t\t\t\t<\/div>\n\t\t\t\t\t\t<\/div>\n\t\t\t\t<\/div>\n\t\t\t\t<div class=\"elementor-element elementor-element-ee232e9 elementor-widget__width-auto elementor-hidden-phone elementor-widget elementor-widget-wd_social_buttons\" data-id=\"ee232e9\" data-element_type=\"widget\" data-e-type=\"widget\" data-widget_type=\"wd_social_buttons.default\">\n\t\t\t\t<div class=\"elementor-widget-container\">\n\t\t\t\t\t\t\t\t<div id=\"\" class=\" wd-social-icons wd-style-colored-alt wd-size-small social-share wd-shape-circle color-scheme-dark text-left\">\n\t\t\t\t\n\t\t\t\t\n\t\t\t\t\t\t\t\t\t<a rel=\"noopener noreferrer nofollow\" href=\"https:\/\/www.facebook.com\/sharer\/sharer.php?u=https:\/\/mirizobant.az\/ru\/haqqimizda\/\" target=\"_blank\" class=\" wd-social-icon social-facebook\" aria-label=\"Facebook social link\">\n\t\t\t\t\t\t<span class=\"wd-icon\"><\/span>\n\t\t\t\t\t\t\t\t\t\t\t<\/a>\n\t\t\t\t\n\t\t\t\t\t\t\t\t\t<a rel=\"noopener noreferrer nofollow\" href=\"https:\/\/x.com\/share?url=https:\/\/mirizobant.az\/ru\/haqqimizda\/\" target=\"_blank\" class=\" wd-social-icon social-twitter\" aria-label=\"X social link\">\n\t\t\t\t\t\t<span class=\"wd-icon\"><\/span>\n\t\t\t\t\t\t\t\t\t\t\t<\/a>\n\t\t\t\t\n\t\t\t\t\n\t\t\t\t\n\t\t\t\t\n\t\t\t\t\t\t\t\t\t<a rel=\"noopener noreferrer nofollow\" href=\"https:\/\/pinterest.com\/pin\/create\/button\/?url=https:\/\/mirizobant.az\/ru\/haqqimizda\/&media=https:\/\/mirizobant.az\/ru\/wp-includes\/images\/media\/default.svg&description=Haqq%C4%B1m%C4%B1zda\" target=\"_blank\" class=\" wd-social-icon social-pinterest\" aria-label=\"Pinterest social link\">\n\t\t\t\t\t\t<span class=\"wd-icon\"><\/span>\n\t\t\t\t\t\t\t\t\t\t\t<\/a>\n\t\t\t\t\n\t\t\t\t\n\t\t\t\t\t\t\t\t\t<a rel=\"noopener noreferrer nofollow\" href=\"https:\/\/www.linkedin.com\/shareArticle?mini=true&url=https:\/\/mirizobant.az\/ru\/haqqimizda\/\" target=\"_blank\" class=\" wd-social-icon social-linkedin\" aria-label=\"Linkedin social link\">\n\t\t\t\t\t\t<span class=\"wd-icon\"><\/span>\n\t\t\t\t\t\t\t\t\t\t\t<\/a>\n\t\t\t\t\n\t\t\t\t\n\t\t\t\t\n\t\t\t\t\n\t\t\t\t\n\t\t\t\t\n\t\t\t\t\n\t\t\t\t\n\t\t\t\t\n\t\t\t\t\n\t\t\t\t\n\t\t\t\t\n\t\t\t\t\n\t\t\t\t\n\t\t\t\t\n\t\t\t\t\n\t\t\t\t\t\t\t\t\t<a rel=\"noopener noreferrer nofollow\" href=\"https:\/\/telegram.me\/share\/url?url=https:\/\/mirizobant.az\/ru\/haqqimizda\/\" target=\"_blank\" class=\" wd-social-icon social-tg\" aria-label=\"Telegram social link\">\n\t\t\t\t\t\t<span class=\"wd-icon\"><\/span>\n\t\t\t\t\t\t\t\t\t\t\t<\/a>\n\t\t\t\t\n\t\t\t\t\n\t\t\t<\/div>\n\n\t\t\t\t\t\t<\/div>\n\t\t\t\t<\/div>\n\t\t\t\t<\/div>\n\t\t\t\t<\/div>\n\t\t\t\t\t<\/div>\n\t\t\t\t<\/div>\n\t\t<div class=\"wd-negative-gap elementor-element elementor-element-1c90c3f wd-section-stretch e-flex e-con-boxed e-con e-parent\" data-id=\"1c90c3f\" data-element_type=\"container\" data-e-type=\"container\" data-settings=\"{&quot;background_background&quot;:&quot;classic&quot;}\">\n\t\t\t\t\t<div class=\"e-con-inner\">\n\t\t\t\t<div class=\"elementor-element elementor-element-5d57672 elementor-widget-tablet__width-inherit wd-width-100 elementor-widget elementor-widget-wd_title\" data-id=\"5d57672\" data-element_type=\"widget\" data-e-type=\"widget\" data-widget_type=\"wd_title.default\">\n\t\t\t\t<div class=\"elementor-widget-container\">\n\t\t\t\t\t\t\t<div class=\"title-wrapper wd-set-mb reset-last-child wd-title-color-primary wd-title-style-default wd-title-size-large text-center\">\n\n\t\t\t\t\t\t\t\t\t\t\t<div class=\"title-subtitle subtitle-color-primary subtitle-style-default wd-fontsize-xs\">\n\t\t\t\t\tM\u0130R\u0130ZOBANT\t\t\t\t<\/div>\n\t\t\t\n\t\t\t<div class=\"liner-continer\">\n\t\t\t\t<h4 class=\"woodmart-title-container title wd-fontsize-xxl\">\u00c7ox m\u0259qs\u0259dli \u00f6z\u00fc yap\u0131\u015fqanl\u0131 izolyasiya lenti<\/h4> \n\t\t\t\t\t\t\t<\/div>\n\n\t\t\t\t\t<\/div>\n\t\t\t\t\t\t<\/div>\n\t\t\t\t<\/div>\n\t\t\t\t\t<\/div>\n\t\t\t\t<\/div>\n\t\t<div class=\"wd-negative-gap elementor-element elementor-element-9029fb8 e-flex e-con-boxed e-con e-parent\" data-id=\"9029fb8\" data-element_type=\"container\" data-e-type=\"container\">\n\t\t\t\t\t<div class=\"e-con-inner\">\n\t\t<div class=\"elementor-element elementor-element-d50b715 e-con-full e-flex e-con e-child\" data-id=\"d50b715\" data-element_type=\"container\" data-e-type=\"container\">\n\t\t\t\t<div class=\"elementor-element elementor-element-272430e wd-width-100 elementor-widget elementor-widget-wd_title\" data-id=\"272430e\" data-element_type=\"widget\" data-e-type=\"widget\" data-widget_type=\"wd_title.default\">\n\t\t\t\t<div class=\"elementor-widget-container\">\n\t\t\t\t\t\t\t<div class=\"title-wrapper wd-set-mb reset-last-child wd-title-color-default wd-title-style-default wd-title-size-default text-left\">\n\n\t\t\t\n\t\t\t<div class=\"liner-continer\">\n\t\t\t\t<h4 class=\"woodmart-title-container title wd-fontsize-l\">T\u0259rkibi:<\/h4> \n\t\t\t\t\t\t\t<\/div>\n\n\t\t\t\t\t<\/div>\n\t\t\t\t\t\t<\/div>\n\t\t\t\t<\/div>\n\t\t\t\t<div class=\"elementor-element elementor-element-587f63d elementor-widget elementor-widget-wd_text_block\" data-id=\"587f63d\" data-element_type=\"widget\" data-e-type=\"widget\" data-widget_type=\"wd_text_block.default\">\n\t\t\t\t<div class=\"elementor-widget-container\">\n\t\t\t\t\t\t\t<div class=\"wd-text-block reset-last-child text-left\">\n\t\t\t\n\t\t\t<p><em>\u00dcst t\u0259b\u0259q\u0259si Saf Al\u00fcminium, al\u00fcminium folqa v\u0259 ya Membran il\u0259 \u00f6rt\u00fcld\u00fcy\u00fc \u00fc\u00e7\u00fcn g\u00fcn\u0259\u015fin z\u0259r\u0259rli ultrab\u0259n\u00f6v\u015f\u0259yi \u015f\u00fcalar\u0131ndan t\u0259sirl\u0259nmir. \u00d6z-\u00f6z\u00fcn\u0259 yap\u0131\u015fan oldu\u011fundan Metal, a\u011fac v\u0259 plastik kimi yanmaz materiallara t\u0259hl\u00fck\u0259siz \u015f\u0259kild\u0259 t\u0259tbiq oluna bil\u0259r. T\u0259rkibi SBS (Sintetik Kau\u00e7uk) \u0259sasl\u0131 bitumdan istehsal edildiyi \u00fc\u00e7\u00fcn h\u0259r iqlim qur\u015fa\u011f\u0131nda elastikliyini qoruyub saxlay\u0131r, \u00e7atlam\u0131r v\u0259 lopala\u015fm\u0131r. Arxa \u00f6rt\u00fcy\u00fc \u00e7\u0131xar\u0131labil\u0259n PE film oldu\u011fundan rahat \u015f\u0259kild\u0259 soyula bilir.<\/em><\/p>\n\t\t\t\t\t<\/div>\n\t\t\t\t\t\t<\/div>\n\t\t\t\t<\/div>\n\t\t\t\t<\/div>\n\t\t<div class=\"elementor-element elementor-element-54d37cd e-con-full e-flex e-con e-child\" data-id=\"54d37cd\" data-element_type=\"container\" data-e-type=\"container\">\n\t\t\t\t<div class=\"elementor-element elementor-element-23fb5d3 wd-width-100 elementor-widget elementor-widget-wd_title\" data-id=\"23fb5d3\" data-element_type=\"widget\" data-e-type=\"widget\" data-widget_type=\"wd_title.default\">\n\t\t\t\t<div class=\"elementor-widget-container\">\n\t\t\t\t\t\t\t<div class=\"title-wrapper wd-set-mb reset-last-child wd-title-color-default wd-title-style-default wd-title-size-default text-left\">\n\n\t\t\t\n\t\t\t<div class=\"liner-continer\">\n\t\t\t\t<h4 class=\"woodmart-title-container title wd-fontsize-l\">N\u00f6v v\u0259 \u00f6l\u00e7\u00fcl\u0259ri<\/h4> \n\t\t\t\t\t\t\t<\/div>\n\n\t\t\t\t\t<\/div>\n\t\t\t\t\t\t<\/div>\n\t\t\t\t<\/div>\n\t\t\t\t<div class=\"elementor-element elementor-element-4aaf057 elementor-widget elementor-widget-wd_text_block\" data-id=\"4aaf057\" data-element_type=\"widget\" data-e-type=\"widget\" data-widget_type=\"wd_text_block.default\">\n\t\t\t\t<div class=\"elementor-widget-container\">\n\t\t\t\t\t\t\t<div class=\"wd-text-block reset-last-child text-left\">\n\t\t\t\n\t\t\t<p><em>Mirizobant m\u0259hsullar\u0131 Saf Al\u00fcminium, Al\u00fcminium folqa v\u0259 membran olmaqla 3 n\u00f6v \u00fcst s\u0259thi il\u0259 bitum-bitul t\u0259rkibli yap\u0131\u015fd\u0131r\u0131c\u0131 qar\u0131\u015f\u0131qdan ibar\u0259t olmaqla ist\u0259y\u0259 uy\u011fun olaraq 8 r\u0259ng se\u00e7imi il\u0259 5, 10, 13, 15, 20, 30, 40, 50, 60, 80, 100, 120 sm enind\u0259, 10m uzunlu\u011fundad\u0131r.<\/em><\/p>\n\t\t\t\t\t<\/div>\n\t\t\t\t\t\t<\/div>\n\t\t\t\t<\/div>\n\t\t\t\t<\/div>\n\t\t\t\t\t<\/div>\n\t\t\t\t<\/div>\n\t\t<div class=\"wd-negative-gap elementor-element elementor-element-7038336 e-flex e-con-boxed e-con e-parent\" data-id=\"7038336\" data-element_type=\"container\" data-e-type=\"container\">\n\t\t\t\t\t<div class=\"e-con-inner\">\n\t\t<div class=\"elementor-element elementor-element-f763ac0 e-con-full e-flex e-con e-child\" data-id=\"f763ac0\" data-element_type=\"container\" data-e-type=\"container\">\n\t\t\t\t<div class=\"elementor-element elementor-element-4dd28f5 wd-width-100 elementor-widget elementor-widget-wd_title\" data-id=\"4dd28f5\" data-element_type=\"widget\" data-e-type=\"widget\" data-widget_type=\"wd_title.default\">\n\t\t\t\t<div class=\"elementor-widget-container\">\n\t\t\t\t\t\t\t<div class=\"title-wrapper wd-set-mb reset-last-child wd-title-color-default wd-title-style-default wd-title-size-default text-left\">\n\n\t\t\t\n\t\t\t<div class=\"liner-continer\">\n\t\t\t\t<h4 class=\"woodmart-title-container title wd-fontsize-l\">\u0130stifad\u0259 sah\u0259si:<\/h4> \n\t\t\t\t\t\t\t<\/div>\n\n\t\t\t\t\t<\/div>\n\t\t\t\t\t\t<\/div>\n\t\t\t\t<\/div>\n\t\t\t\t<div class=\"elementor-element elementor-element-9682def elementor-widget elementor-widget-wd_text_block\" data-id=\"9682def\" data-element_type=\"widget\" data-e-type=\"widget\" data-widget_type=\"wd_text_block.default\">\n\t\t\t\t<div class=\"elementor-widget-container\">\n\t\t\t\t\t\t\t<div class=\"wd-text-block reset-last-child text-left\">\n\t\t\t\n\t\t\t<p><em>Mirizobant m\u0259hsullar\u0131n\u0131n Ev t\u0259miri zaman\u0131 divar, parapet, baca alt detallar\u0131, karniz, kanyok (mahiy\u0259), g\u00f6vd\u0259 divar v\u0259 silsil\u0259l\u0259r birl\u0259\u015fm\u0259l\u0259rind\u0259, oluklu t\u0259b\u0259q\u0259l\u0259rd\u0259 yarana bil\u0259c\u0259k \u00e7atlarda, dam \u00f6rt\u00fckl\u0259rinin izolyasiyas\u0131nda, hamam v\u0259 sanitar qov\u015faqlar\u0131n izolyasiyas\u0131 \u00fc\u00e7\u00fcn, Avtomobil \u00fczl\u00fckl\u0259rind\u0259, y\u0131\u011fma elementl\u0259rin birl\u0259\u015fm\u0259l\u0259rind\u0259, do\u011frama v\u0259 \u015f\u00fc\u015f\u0259 \u00e7atlar\u0131n\u0131n t\u0259cili t\u0259miri, da\u015f\u0131mada istifad\u0259 edil\u0259n konteyner v\u0259 \u00e7\u0259n g\u00f6vd\u0259l\u0259ri, Boru birl\u0259\u015fm\u0259l\u0259rinin izolyasiyas\u0131nda, su \u00e7\u0259ni v\u0259 silos t\u0259mirind\u0259, qay\u0131qlar\u0131n g\u00f6y\u0259rt\u0259 \u00f6rt\u00fcy\u00fcn\u00fcn izolyasiyas\u0131nda istifad\u0259 olunur.<\/em><\/p>\n\t\t\t\t\t<\/div>\n\t\t\t\t\t\t<\/div>\n\t\t\t\t<\/div>\n\t\t\t\t<\/div>\n\t\t<div class=\"elementor-element elementor-element-e392781 e-con-full e-flex e-con e-child\" data-id=\"e392781\" data-element_type=\"container\" data-e-type=\"container\">\n\t\t\t\t<div class=\"elementor-element elementor-element-a16a6d3 wd-width-100 elementor-widget elementor-widget-wd_title\" data-id=\"a16a6d3\" data-element_type=\"widget\" data-e-type=\"widget\" data-widget_type=\"wd_title.default\">\n\t\t\t\t<div class=\"elementor-widget-container\">\n\t\t\t\t\t\t\t<div class=\"title-wrapper wd-set-mb reset-last-child wd-title-color-default wd-title-style-default wd-title-size-default text-left\">\n\n\t\t\t\n\t\t\t<div class=\"liner-continer\">\n\t\t\t\t<h4 class=\"woodmart-title-container title wd-fontsize-l\">T\u0259dbiq formas\u0131<\/h4> \n\t\t\t\t\t\t\t<\/div>\n\n\t\t\t\t\t<\/div>\n\t\t\t\t\t\t<\/div>\n\t\t\t\t<\/div>\n\t\t\t\t<div class=\"elementor-element elementor-element-268897f elementor-widget elementor-widget-wd_text_block\" data-id=\"268897f\" data-element_type=\"widget\" data-e-type=\"widget\" data-widget_type=\"wd_text_block.default\">\n\t\t\t\t<div class=\"elementor-widget-container\">\n\t\t\t\t\t\t\t<div class=\"wd-text-block reset-last-child text-left\">\n\t\t\t\n\t\t\t<p><em>Mirizobant m\u0259hsullar\u0131n\u0131n \u00e7\u0259kil\u0259c\u0259yi s\u0259thl\u0259r quru v\u0259 t\u0259miz olmal\u0131d\u0131r. S\u0259thd\u0259 toz, silikon, ya\u011f, pas kimi yad madd\u0259l\u0259r olmamal\u0131d\u0131r. Beton, suvaq v\u0259 l\u00f6vh\u0259 kimi kobud s\u0259thl\u0259r\u0259 BITUMER astar qat\u0131 (Bitum Emulsiyas\u0131) t\u0259tbiq edilm\u0259lidir. \u0130zobant lenti yap\u0131\u015fd\u0131r\u0131lark\u0259n arxa s\u0259thd\u0259ki PE filmi \u00e7\u0131xar\u0131l\u0131r v\u0259 ki\u00e7ik bir rulonla basaraq hava qabarc\u0131qlar\u0131 \u00e7\u0131xar\u0131l\u0131r. Bitumlu qurulu\u015funa g\u00f6r\u0259 yap\u0131\u015fma g\u00fcc\u00fc zamanla artan bu lent zamanla yap\u0131\u015fd\u0131r\u0131ld\u0131\u011f\u0131 yerl\u0259 birl\u0259\u015fir.<\/em><\/p>\n\t\t\t\t\t<\/div>\n\t\t\t\t\t\t<\/div>\n\t\t\t\t<\/div>\n\t\t\t\t<\/div>\n\t\t\t\t\t<\/div>\n\t\t\t\t<\/div>\n\t\t\t\t<\/div>\n\t\t","protected":false},"excerpt":{"rendered":"<p>M\u0130R\u0130ZOBANT \u00c7ox m\u0259qs\u0259dli, \u00f6z\u00fc yap\u0131\u015fqanl\u0131 izolyasiya lenti Mirizobant izolyasiya m\u0259hsulu \u0259sas\u0259n bitum \u0259sasl\u0131 olub, bir t\u0259r\u0259fi Saf Aliminium, R\u0259ngli Aliminium<\/p>\n","protected":false},"author":1,"featured_media":0,"parent":0,"menu_order":0,"comment_status":"closed","ping_status":"closed","template":"","meta":{"footnotes":""},"class_list":["post-4400","page","type-page","status-publish","hentry"],"_links":{"self":[{"href":"https:\/\/mirizobant.az\/ru\/wp-json\/wp\/v2\/pages\/4400","targetHints":{"allow":["GET"]}}],"collection":[{"href":"https:\/\/mirizobant.az\/ru\/wp-json\/wp\/v2\/pages"}],"about":[{"href":"https:\/\/mirizobant.az\/ru\/wp-json\/wp\/v2\/types\/page"}],"author":[{"embeddable":true,"href":"https:\/\/mirizobant.az\/ru\/wp-json\/wp\/v2\/users\/1"}],"replies":[{"embeddable":true,"href":"https:\/\/mirizobant.az\/ru\/wp-json\/wp\/v2\/comments?post=4400"}],"version-history":[{"count":0,"href":"https:\/\/mirizobant.az\/ru\/wp-json\/wp\/v2\/pages\/4400\/revisions"}],"wp:attachment":[{"href":"https:\/\/mirizobant.az\/ru\/wp-json\/wp\/v2\/media?parent=4400"}],"curies":[{"name":"wp","href":"https:\/\/api.w.org\/{rel}","templated":true}]}}