{"id":16301,"date":"2025-02-05T12:54:39","date_gmt":"2025-02-05T08:54:39","guid":{"rendered":"https:\/\/mirizobant.az\/?post_type=product&amp;p=16301"},"modified":"2025-02-05T12:54:39","modified_gmt":"2025-02-05T08:54:39","slug":"ozu-yapisqanli-ikit%c9%99r%c9%99fli-lent-15sm","status":"publish","type":"product","link":"https:\/\/mirizobant.az\/ru\/product\/ozu-yapisqanli-ikit%c9%99r%c9%99fli-lent-15sm\/","title":{"rendered":"\u00d6z\u00fc yap\u0131\u015fqanl\u0131 ikit\u0259r\u0259fli lent (15sm)"},"content":{"rendered":"\t\t<div data-elementor-type=\"wp-post\" data-elementor-id=\"16301\" class=\"elementor elementor-16301\">\n\t\t\t\t<div class=\"wd-negative-gap elementor-element elementor-element-53eea44 e-flex e-con-boxed e-con e-parent\" data-id=\"53eea44\" data-element_type=\"container\" data-e-type=\"container\">\n\t\t\t\t\t<div class=\"e-con-inner\">\n\t\t<div class=\"elementor-element elementor-element-cc8e042 e-con-full e-flex e-con e-child\" data-id=\"cc8e042\" data-element_type=\"container\" data-e-type=\"container\">\n\t\t\t\t<div class=\"elementor-element elementor-element-3dc3944 wd-width-100 elementor-widget elementor-widget-wd_title\" data-id=\"3dc3944\" data-element_type=\"widget\" data-e-type=\"widget\" data-widget_type=\"wd_title.default\">\n\t\t\t\t<div class=\"elementor-widget-container\">\n\t\t\t\t\t\t\t<div class=\"title-wrapper wd-set-mb reset-last-child wd-title-color-primary wd-title-style-underlined wd-title-size-default text-left\">\n\n\t\t\t\t\t\t\t\t\t\t\t<div class=\"title-subtitle subtitle-color-primary subtitle-style-default wd-fontsize-xs\">\n\t\t\t\t\tM\u0130R\u0130ZOBANT\t\t\t\t<\/div>\n\t\t\t\n\t\t\t<div class=\"liner-continer\">\n\t\t\t\t<h4 class=\"woodmart-title-container title wd-fontsize-l\">\u00d6z-\u00f6z\u00fcn\u0259 yap\u0131\u015fan ikit\u0259r\u0259fli butil tikinti t\u0259mir lentinin b\u0259zi x\u00fcsusiyy\u0259tl\u0259ri bunlard\u0131r:<\/h4> \n\t\t\t\t\t\t\t<\/div>\n\n\t\t\t\t\t<\/div>\n\t\t\t\t\t\t<\/div>\n\t\t\t\t<\/div>\n\t\t\t\t<div class=\"elementor-element elementor-element-4a8a87a elementor-widget elementor-widget-wd_text_block\" data-id=\"4a8a87a\" data-element_type=\"widget\" data-e-type=\"widget\" data-widget_type=\"wd_text_block.default\">\n\t\t\t\t<div class=\"elementor-widget-container\">\n\t\t\t\t\t\t\t<div class=\"wd-text-block reset-last-child text-left\">\n\t\t\t\n\t\t\t<ul><li>Y\u00fcks\u0259k yap\u0131\u015fqanl\u0131q: Bant etibarl\u0131 bir \u0259laq\u0259 yaradan, t\u0259mirin uzunm\u00fcdd\u0259tli v\u0259 t\u0259hl\u00fck\u0259siz olmas\u0131n\u0131 t\u0259min ed\u0259n g\u00fccl\u00fc butil yap\u0131\u015fd\u0131r\u0131c\u0131ya malikdir.<\/li><li>Suya davaml\u0131d\u0131r: Bant suya davaml\u0131d\u0131r, bu da onu su yal\u0131t\u0131m\u0131n\u0131n t\u0259l\u0259b olundu\u011fu yerl\u0259rd\u0259 istifad\u0259 \u00fc\u00e7\u00fcn uy\u011fun edir.<\/li><li>Temperatur d\u0259yi\u015fiklikl\u0259rin\u0259 davaml\u0131d\u0131r: Butil rezin yap\u0131\u015fd\u0131r\u0131c\u0131 onu temperaturun d\u0259yi\u015fm\u0259sin\u0259 davaml\u0131 edir v\u0259 onu ekstremal hava \u015f\u0259raitind\u0259 istifad\u0259 \u00fc\u00e7\u00fcn ideal edir.<\/li><li>Davaml\u0131: Bant a\u015f\u0131nmaya v\u0259 y\u0131pranmaya davam ed\u0259 bil\u0259n davaml\u0131 materialdan haz\u0131rlan\u0131r v\u0259 t\u0259mirin zamanla yerind\u0259 qalmas\u0131n\u0131 t\u0259min edir.<\/li><li>\u0130kit\u0259r\u0259fli: Lent ikit\u0259r\u0259flidir, y\u0259ni s\u0259thin h\u0259r iki t\u0259r\u0259fin\u0259 t\u0259tbiq oluna bil\u0259r v\u0259 onu \u00e7ox y\u00f6nl\u00fc edir.<\/li><li>T\u0259tbiq etm\u0259k asand\u0131r: Lent asanl\u0131qla \u00f6l\u00e7\u00fcd\u0259 k\u0259sil\u0259 bil\u0259r v\u0259 \u0259lav\u0259 al\u0259tl\u0259r\u0259 v\u0259 ya avadanl\u0131qlara ehtiyac olmadan s\u0259thl\u0259r\u0259 t\u0259tbiq oluna bil\u0259r.<\/li><li>\u00dcmumiyy\u0259tl\u0259, \u00f6z\u00fcn\u0259 yap\u0131\u015fan ikit\u0259r\u0259fli butil tikinti t\u0259mir lenti bir s\u0131ra tikinti v\u0259 t\u0259mir t\u0259tbiql\u0259ri \u00fc\u00e7\u00fcn y\u00fcks\u0259k yap\u0131\u015fqanl\u0131 v\u0259 \u00e7ox y\u00f6nl\u00fc h\u0259lldir. Suya davaml\u0131 v\u0259 temperatura davaml\u0131 x\u00fcsusiyy\u0259tl\u0259ri onu \u00e7\u0259tin \u015f\u0259raitd\u0259 istifad\u0259y\u0259 uy\u011fun edir, davaml\u0131 v\u0259 ikit\u0259r\u0259fli dizayn\u0131 uzunm\u00fcdd\u0259tli t\u0259miri t\u0259min edir.<\/li><\/ul>\n\t\t\t\t\t<\/div>\n\t\t\t\t\t\t<\/div>\n\t\t\t\t<\/div>\n\t\t\t\t<\/div>\n\t\t<div class=\"elementor-element elementor-element-2136194 e-con-full e-flex e-con e-child\" data-id=\"2136194\" data-element_type=\"container\" data-e-type=\"container\">\n\t\t\t\t<div class=\"elementor-element elementor-element-e17d3f0 elementor-widget elementor-widget-wd_image_or_svg\" data-id=\"e17d3f0\" data-element_type=\"widget\" data-e-type=\"widget\" data-widget_type=\"wd_image_or_svg.default\">\n\t\t\t\t<div class=\"elementor-widget-container\">\n\t\t\t\t\t\n\t\t<div class=\"wd-image text-left\">\n\t\t\t\t\t\t\t\t<img fetchpriority=\"high\" decoding=\"async\" width=\"700\" height=\"800\" src=\"https:\/\/mirizobant.az\/ru\/wp-content\/uploads\/sites\/5\/2025\/01\/ozu-yapisanlent-ikiterefliskoc-mirizobant.jpg\" class=\"attachment-full size-full\" alt=\"ozu-yapisanlent-ikiterefliskoc-mirizobant\" srcset=\"https:\/\/mirizobant.az\/ru\/wp-content\/uploads\/sites\/5\/2025\/01\/ozu-yapisanlent-ikiterefliskoc-mirizobant.jpg 700w, https:\/\/mirizobant.az\/ru\/wp-content\/uploads\/sites\/5\/2025\/01\/ozu-yapisanlent-ikiterefliskoc-mirizobant-263x300.jpg 263w, https:\/\/mirizobant.az\/ru\/wp-content\/uploads\/sites\/5\/2025\/01\/ozu-yapisanlent-ikiterefliskoc-mirizobant-600x686.jpg 600w\" sizes=\"(max-width: 700px) 100vw, 700px\" \/>\t\t\t\t\t<\/div>\n\n\t\t\t\t\t\t<\/div>\n\t\t\t\t<\/div>\n\t\t\t\t<\/div>\n\t\t\t\t\t<\/div>\n\t\t\t\t<\/div>\n\t\t\t\t<\/div>\n\t\t","protected":false},"excerpt":{"rendered":"<p>\u00d6z-\u00f6z\u00fcn\u0259 yap\u0131\u015fan ikit\u0259r\u0259fli butil tikinti t\u0259mir lenti, dam t\u0259miri, yan\u0131b-s\u00f6nm\u0259, kanallar\u0131n t\u0259miri v\u0259 \u00fcmumi su izolyasiyas\u0131 da daxil olmaqla bir s\u0131ra tikinti t\u0259tbiql\u0259rind\u0259 istifad\u0259 \u00fc\u00e7\u00fcn n\u0259z\u0259rd\u0259 tutulmu\u015f lentdir. Lent butil rezin yap\u0131\u015fd\u0131r\u0131c\u0131dan ibar\u0259tdir ki, bu da onu y\u00fcks\u0259k yap\u0131\u015fd\u0131r\u0131c\u0131 v\u0259 hava, suya v\u0259 h\u0259ddind\u0259n art\u0131q temperatur d\u0259yi\u015fiklikl\u0259rin\u0259 davaml\u0131 edir.<\/p>\n","protected":false},"featured_media":16031,"template":"","meta":[],"product_brand":[],"product_cat":[88],"product_tag":[],"class_list":{"0":"post-16301","1":"product","2":"type-product","3":"status-publish","4":"has-post-thumbnail","6":"product_cat-iki-terefli-ozuyapisan-lent","8":"first","9":"instock","10":"shipping-taxable","11":"purchasable","12":"product-type-simple"},"_links":{"self":[{"href":"https:\/\/mirizobant.az\/ru\/wp-json\/wp\/v2\/product\/16301","targetHints":{"allow":["GET"]}}],"collection":[{"href":"https:\/\/mirizobant.az\/ru\/wp-json\/wp\/v2\/product"}],"about":[{"href":"https:\/\/mirizobant.az\/ru\/wp-json\/wp\/v2\/types\/product"}],"version-history":[{"count":0,"href":"https:\/\/mirizobant.az\/ru\/wp-json\/wp\/v2\/product\/16301\/revisions"}],"wp:featuredmedia":[{"embeddable":true,"href":"https:\/\/mirizobant.az\/ru\/wp-json\/wp\/v2\/media\/16031"}],"wp:attachment":[{"href":"https:\/\/mirizobant.az\/ru\/wp-json\/wp\/v2\/media?parent=16301"}],"wp:term":[{"taxonomy":"product_brand","embeddable":true,"href":"https:\/\/mirizobant.az\/ru\/wp-json\/wp\/v2\/product_brand?post=16301"},{"taxonomy":"product_cat","embeddable":true,"href":"https:\/\/mirizobant.az\/ru\/wp-json\/wp\/v2\/product_cat?post=16301"},{"taxonomy":"product_tag","embeddable":true,"href":"https:\/\/mirizobant.az\/ru\/wp-json\/wp\/v2\/product_tag?post=16301"}],"curies":[{"name":"wp","href":"https:\/\/api.w.org\/{rel}","templated":true}]}}